{"id":3767,"date":"2026-01-26T10:04:52","date_gmt":"2026-01-26T10:04:52","guid":{"rendered":"https:\/\/www.dijak.edu.it\/?page_id=3767"},"modified":"2026-04-23T09:12:06","modified_gmt":"2026-04-23T09:12:06","slug":"associazione-dei-genitori-delle-scuole-piki-jakob-e-josip-ribicic","status":"publish","type":"page","link":"https:\/\/www.dijak.edu.it\/it\/associazione-dei-genitori-delle-scuole-piki-jakob-e-josip-ribicic\/","title":{"rendered":"Associazione dei genitori delle scuole Piki Jakob e Josip Ribi\u010di\u010d"},"content":{"rendered":"<p><strong>Associazione genitori delle scuole Piki Jakob e Josip Ribi\u010di\u010d &#8211; APS<\/strong><\/p>\n<p>&nbsp;<\/p>\n<p>L&#8217;associazione dei genitori \u00e8 un&#8217;organizzazione senza scopo di lucro che riunisce i genitori degli alunni\/studenti della stessa scuola con l&#8217;obiettivo di migliorare l&#8217;ambiente educativo, organizzare attivit\u00e0 aggiuntive (es. corsi di musica e attivit\u00e0 ricreative), integrare i programmi scolastici, garantire ulteriori fonti di finanziamento (tramite quote associative, contributi pubblici, raccolte fondi) e rappresentare con forza gli interessi dei genitori nella comunit\u00e0 scolastica, nonch\u00e9 promuovere una migliore collaborazione tra genitori, scuola e comunit\u00e0 locale.<\/p>\n<p>In breve, l&#8217;associazione dei genitori \u00e8 un partner importante della scuola, che con il volontariato e i fondi raccolti contribuisce a un&#8217;istruzione e uno sviluppo dei bambini pi\u00f9 completi e di qualit\u00e0.<\/p>\n<p>&nbsp;<\/p>\n<p><strong>Statuto dell\u2019associazione<\/strong> <a href=\"https:\/\/www.dijak.edu.it\/wp-content\/uploads\/2026\/04\/Statut_Zdruzenje-starsev-sv.-Jakob_25032025-1.pdf\">Statuto_Associazione genitori_ San.Giacomo_25032025<\/a><\/p>\n<p>&nbsp;<\/p>\n<p><strong>Per info<\/strong><\/p>\n<p>Zdru\u017eenje star\u0161ev OV Piki Jakob in O\u0160 Josip Ribi\u010di\u010d &#8211; DDP<\/p>\n<p>Via Frausin 12, 34137, Trst &#8211; Trieste<\/p>\n<p>starsi.svetijakob@gmail.com<\/p>\n<p>starsi.svetijakob@pec.it<\/p>\n<p>C.F. 90175810325<\/p>\n<p>n. repertorio RUNTS: 155691<\/p>\n<p>&nbsp;<\/p>\n<p><b>Bilancio 2025<\/b><\/p>\n<p><a href=\"https:\/\/www.dijak.edu.it\/wp-content\/uploads\/2026\/04\/Financno-porocilo_Rendiconto-2025-1.pdf\">Finan\u010dno poro\u010dilo_Rendiconto 2025<\/a><\/p>\n<p><a href=\"https:\/\/www.dijak.edu.it\/wp-content\/uploads\/2026\/04\/Porocilo-dejavnosti_report-delle-attivita-2025-1.pdf\">Poro\u010dilo dejavnosti_report delle attivit\u00e0 2025<\/a><\/p>\n<p><a href=\"https:\/\/www.dijak.edu.it\/wp-content\/uploads\/2026\/04\/Prispevki_contributi-2025-1.pdf\">Prispevki_contributi 2025<\/a><\/p>\n<p>&nbsp;<\/p>\n<p><img loading=\"lazy\" decoding=\"async\" class=\"alignnone  wp-image-4060\" src=\"https:\/\/www.dijak.edu.it\/wp-content\/uploads\/2026\/04\/5x1000.jpeg\" alt=\"\" width=\"716\" height=\"409\" srcset=\"https:\/\/www.dijak.edu.it\/wp-content\/uploads\/2026\/04\/5x1000.jpeg 1050w, https:\/\/www.dijak.edu.it\/wp-content\/uploads\/2026\/04\/5x1000-300x171.jpeg 300w, https:\/\/www.dijak.edu.it\/wp-content\/uploads\/2026\/04\/5x1000-1024x585.jpeg 1024w, https:\/\/www.dijak.edu.it\/wp-content\/uploads\/2026\/04\/5x1000-768x439.jpeg 768w, https:\/\/www.dijak.edu.it\/wp-content\/uploads\/2026\/04\/5x1000-438x250.jpeg 438w\" sizes=\"auto, (max-width: 716px) 100vw, 716px\" \/><\/p>\n<p>&nbsp;<\/p>\n<p><img loading=\"lazy\" decoding=\"async\" class=\"alignnone size-full wp-image-3828\" src=\"https:\/\/www.dijak.edu.it\/wp-content\/uploads\/2026\/02\/IMG_20260205_181252-scaled.jpg\" alt=\"\" width=\"2560\" height=\"1920\" srcset=\"https:\/\/www.dijak.edu.it\/wp-content\/uploads\/2026\/02\/IMG_20260205_181252-scaled.jpg 2560w, https:\/\/www.dijak.edu.it\/wp-content\/uploads\/2026\/02\/IMG_20260205_181252-300x225.jpg 300w, https:\/\/www.dijak.edu.it\/wp-content\/uploads\/2026\/02\/IMG_20260205_181252-1024x768.jpg 1024w, https:\/\/www.dijak.edu.it\/wp-content\/uploads\/2026\/02\/IMG_20260205_181252-768x576.jpg 768w, https:\/\/www.dijak.edu.it\/wp-content\/uploads\/2026\/02\/IMG_20260205_181252-1536x1152.jpg 1536w, https:\/\/www.dijak.edu.it\/wp-content\/uploads\/2026\/02\/IMG_20260205_181252-2048x1536.jpg 2048w, https:\/\/www.dijak.edu.it\/wp-content\/uploads\/2026\/02\/IMG_20260205_181252-333x250.jpg 333w\" sizes=\"auto, (max-width: 2560px) 100vw, 2560px\" \/> <img loading=\"lazy\" decoding=\"async\" class=\"alignnone size-full wp-image-3827\" src=\"https:\/\/www.dijak.edu.it\/wp-content\/uploads\/2026\/02\/IMG_20260205_180229-scaled.jpg\" alt=\"\" width=\"2560\" height=\"1920\" srcset=\"https:\/\/www.dijak.edu.it\/wp-content\/uploads\/2026\/02\/IMG_20260205_180229-scaled.jpg 2560w, https:\/\/www.dijak.edu.it\/wp-content\/uploads\/2026\/02\/IMG_20260205_180229-300x225.jpg 300w, https:\/\/www.dijak.edu.it\/wp-content\/uploads\/2026\/02\/IMG_20260205_180229-1024x768.jpg 1024w, https:\/\/www.dijak.edu.it\/wp-content\/uploads\/2026\/02\/IMG_20260205_180229-768x576.jpg 768w, https:\/\/www.dijak.edu.it\/wp-content\/uploads\/2026\/02\/IMG_20260205_180229-1536x1152.jpg 1536w, https:\/\/www.dijak.edu.it\/wp-content\/uploads\/2026\/02\/IMG_20260205_180229-2048x1536.jpg 2048w, https:\/\/www.dijak.edu.it\/wp-content\/uploads\/2026\/02\/IMG_20260205_180229-333x250.jpg 333w\" sizes=\"auto, (max-width: 2560px) 100vw, 2560px\" \/> <img loading=\"lazy\" decoding=\"async\" class=\"alignnone size-full wp-image-3830\" src=\"https:\/\/www.dijak.edu.it\/wp-content\/uploads\/2026\/02\/IMG_20260205_181252-1-scaled.jpg\" alt=\"\" width=\"2560\" height=\"1920\" srcset=\"https:\/\/www.dijak.edu.it\/wp-content\/uploads\/2026\/02\/IMG_20260205_181252-1-scaled.jpg 2560w, https:\/\/www.dijak.edu.it\/wp-content\/uploads\/2026\/02\/IMG_20260205_181252-1-300x225.jpg 300w, https:\/\/www.dijak.edu.it\/wp-content\/uploads\/2026\/02\/IMG_20260205_181252-1-1024x768.jpg 1024w, https:\/\/www.dijak.edu.it\/wp-content\/uploads\/2026\/02\/IMG_20260205_181252-1-768x576.jpg 768w, https:\/\/www.dijak.edu.it\/wp-content\/uploads\/2026\/02\/IMG_20260205_181252-1-1536x1152.jpg 1536w, https:\/\/www.dijak.edu.it\/wp-content\/uploads\/2026\/02\/IMG_20260205_181252-1-2048x1536.jpg 2048w, https:\/\/www.dijak.edu.it\/wp-content\/uploads\/2026\/02\/IMG_20260205_181252-1-333x250.jpg 333w\" sizes=\"auto, (max-width: 2560px) 100vw, 2560px\" \/> <img loading=\"lazy\" decoding=\"async\" class=\"alignnone size-full wp-image-3820\" src=\"https:\/\/www.dijak.edu.it\/wp-content\/uploads\/2026\/02\/IMG_20260205_180520-scaled.jpg\" alt=\"\" width=\"2560\" height=\"1920\" srcset=\"https:\/\/www.dijak.edu.it\/wp-content\/uploads\/2026\/02\/IMG_20260205_180520-scaled.jpg 2560w, https:\/\/www.dijak.edu.it\/wp-content\/uploads\/2026\/02\/IMG_20260205_180520-300x225.jpg 300w, https:\/\/www.dijak.edu.it\/wp-content\/uploads\/2026\/02\/IMG_20260205_180520-1024x768.jpg 1024w, https:\/\/www.dijak.edu.it\/wp-content\/uploads\/2026\/02\/IMG_20260205_180520-768x576.jpg 768w, https:\/\/www.dijak.edu.it\/wp-content\/uploads\/2026\/02\/IMG_20260205_180520-1536x1152.jpg 1536w, https:\/\/www.dijak.edu.it\/wp-content\/uploads\/2026\/02\/IMG_20260205_180520-2048x1536.jpg 2048w, https:\/\/www.dijak.edu.it\/wp-content\/uploads\/2026\/02\/IMG_20260205_180520-333x250.jpg 333w\" sizes=\"auto, (max-width: 2560px) 100vw, 2560px\" \/> <img loading=\"lazy\" decoding=\"async\" class=\"alignnone size-full wp-image-3821\" src=\"https:\/\/www.dijak.edu.it\/wp-content\/uploads\/2026\/02\/IMG_20260205_181732-scaled.jpg\" alt=\"\" width=\"2560\" height=\"1920\" srcset=\"https:\/\/www.dijak.edu.it\/wp-content\/uploads\/2026\/02\/IMG_20260205_181732-scaled.jpg 2560w, https:\/\/www.dijak.edu.it\/wp-content\/uploads\/2026\/02\/IMG_20260205_181732-300x225.jpg 300w, https:\/\/www.dijak.edu.it\/wp-content\/uploads\/2026\/02\/IMG_20260205_181732-1024x768.jpg 1024w, https:\/\/www.dijak.edu.it\/wp-content\/uploads\/2026\/02\/IMG_20260205_181732-768x576.jpg 768w, https:\/\/www.dijak.edu.it\/wp-content\/uploads\/2026\/02\/IMG_20260205_181732-1536x1152.jpg 1536w, https:\/\/www.dijak.edu.it\/wp-content\/uploads\/2026\/02\/IMG_20260205_181732-2048x1536.jpg 2048w, https:\/\/www.dijak.edu.it\/wp-content\/uploads\/2026\/02\/IMG_20260205_181732-333x250.jpg 333w\" sizes=\"auto, (max-width: 2560px) 100vw, 2560px\" \/> <img loading=\"lazy\" decoding=\"async\" class=\"alignnone size-full wp-image-3822\" src=\"https:\/\/www.dijak.edu.it\/wp-content\/uploads\/2026\/02\/IMG_20260205_180354-scaled.jpg\" alt=\"\" width=\"2560\" height=\"1920\" srcset=\"https:\/\/www.dijak.edu.it\/wp-content\/uploads\/2026\/02\/IMG_20260205_180354-scaled.jpg 2560w, https:\/\/www.dijak.edu.it\/wp-content\/uploads\/2026\/02\/IMG_20260205_180354-300x225.jpg 300w, https:\/\/www.dijak.edu.it\/wp-content\/uploads\/2026\/02\/IMG_20260205_180354-1024x768.jpg 1024w, https:\/\/www.dijak.edu.it\/wp-content\/uploads\/2026\/02\/IMG_20260205_180354-768x576.jpg 768w, https:\/\/www.dijak.edu.it\/wp-content\/uploads\/2026\/02\/IMG_20260205_180354-1536x1152.jpg 1536w, https:\/\/www.dijak.edu.it\/wp-content\/uploads\/2026\/02\/IMG_20260205_180354-2048x1536.jpg 2048w, https:\/\/www.dijak.edu.it\/wp-content\/uploads\/2026\/02\/IMG_20260205_180354-333x250.jpg 333w\" sizes=\"auto, (max-width: 2560px) 100vw, 2560px\" \/> <img loading=\"lazy\" decoding=\"async\" class=\"alignnone size-full wp-image-3823\" src=\"https:\/\/www.dijak.edu.it\/wp-content\/uploads\/2026\/02\/IMG_20260205_180321-scaled.jpg\" alt=\"\" width=\"2560\" height=\"1920\" srcset=\"https:\/\/www.dijak.edu.it\/wp-content\/uploads\/2026\/02\/IMG_20260205_180321-scaled.jpg 2560w, https:\/\/www.dijak.edu.it\/wp-content\/uploads\/2026\/02\/IMG_20260205_180321-300x225.jpg 300w, https:\/\/www.dijak.edu.it\/wp-content\/uploads\/2026\/02\/IMG_20260205_180321-1024x768.jpg 1024w, https:\/\/www.dijak.edu.it\/wp-content\/uploads\/2026\/02\/IMG_20260205_180321-768x576.jpg 768w, https:\/\/www.dijak.edu.it\/wp-content\/uploads\/2026\/02\/IMG_20260205_180321-1536x1152.jpg 1536w, https:\/\/www.dijak.edu.it\/wp-content\/uploads\/2026\/02\/IMG_20260205_180321-2048x1536.jpg 2048w, https:\/\/www.dijak.edu.it\/wp-content\/uploads\/2026\/02\/IMG_20260205_180321-333x250.jpg 333w\" sizes=\"auto, (max-width: 2560px) 100vw, 2560px\" \/> <img loading=\"lazy\" decoding=\"async\" class=\"alignnone size-full wp-image-3824\" src=\"https:\/\/www.dijak.edu.it\/wp-content\/uploads\/2026\/02\/IMG_20260205_180309-scaled.jpg\" alt=\"\" width=\"2560\" height=\"1920\" srcset=\"https:\/\/www.dijak.edu.it\/wp-content\/uploads\/2026\/02\/IMG_20260205_180309-scaled.jpg 2560w, https:\/\/www.dijak.edu.it\/wp-content\/uploads\/2026\/02\/IMG_20260205_180309-300x225.jpg 300w, https:\/\/www.dijak.edu.it\/wp-content\/uploads\/2026\/02\/IMG_20260205_180309-1024x768.jpg 1024w, https:\/\/www.dijak.edu.it\/wp-content\/uploads\/2026\/02\/IMG_20260205_180309-768x576.jpg 768w, https:\/\/www.dijak.edu.it\/wp-content\/uploads\/2026\/02\/IMG_20260205_180309-1536x1152.jpg 1536w, https:\/\/www.dijak.edu.it\/wp-content\/uploads\/2026\/02\/IMG_20260205_180309-2048x1536.jpg 2048w, https:\/\/www.dijak.edu.it\/wp-content\/uploads\/2026\/02\/IMG_20260205_180309-333x250.jpg 333w\" sizes=\"auto, (max-width: 2560px) 100vw, 2560px\" \/> <img loading=\"lazy\" decoding=\"async\" class=\"alignnone size-full wp-image-3825\" src=\"https:\/\/www.dijak.edu.it\/wp-content\/uploads\/2026\/02\/IMG_20260205_180255-scaled.jpg\" alt=\"\" width=\"2560\" height=\"1920\" srcset=\"https:\/\/www.dijak.edu.it\/wp-content\/uploads\/2026\/02\/IMG_20260205_180255-scaled.jpg 2560w, https:\/\/www.dijak.edu.it\/wp-content\/uploads\/2026\/02\/IMG_20260205_180255-300x225.jpg 300w, https:\/\/www.dijak.edu.it\/wp-content\/uploads\/2026\/02\/IMG_20260205_180255-1024x768.jpg 1024w, https:\/\/www.dijak.edu.it\/wp-content\/uploads\/2026\/02\/IMG_20260205_180255-768x576.jpg 768w, https:\/\/www.dijak.edu.it\/wp-content\/uploads\/2026\/02\/IMG_20260205_180255-1536x1152.jpg 1536w, https:\/\/www.dijak.edu.it\/wp-content\/uploads\/2026\/02\/IMG_20260205_180255-2048x1536.jpg 2048w, https:\/\/www.dijak.edu.it\/wp-content\/uploads\/2026\/02\/IMG_20260205_180255-333x250.jpg 333w\" sizes=\"auto, (max-width: 2560px) 100vw, 2560px\" \/> <img loading=\"lazy\" decoding=\"async\" class=\"alignnone size-full wp-image-3826\" src=\"https:\/\/www.dijak.edu.it\/wp-content\/uploads\/2026\/02\/IMG_20260205_180239-scaled.jpg\" alt=\"\" width=\"2560\" height=\"1920\" srcset=\"https:\/\/www.dijak.edu.it\/wp-content\/uploads\/2026\/02\/IMG_20260205_180239-scaled.jpg 2560w, https:\/\/www.dijak.edu.it\/wp-content\/uploads\/2026\/02\/IMG_20260205_180239-300x225.jpg 300w, https:\/\/www.dijak.edu.it\/wp-content\/uploads\/2026\/02\/IMG_20260205_180239-1024x768.jpg 1024w, https:\/\/www.dijak.edu.it\/wp-content\/uploads\/2026\/02\/IMG_20260205_180239-768x576.jpg 768w, https:\/\/www.dijak.edu.it\/wp-content\/uploads\/2026\/02\/IMG_20260205_180239-1536x1152.jpg 1536w, https:\/\/www.dijak.edu.it\/wp-content\/uploads\/2026\/02\/IMG_20260205_180239-2048x1536.jpg 2048w, https:\/\/www.dijak.edu.it\/wp-content\/uploads\/2026\/02\/IMG_20260205_180239-333x250.jpg 333w\" sizes=\"auto, (max-width: 2560px) 100vw, 2560px\" \/><\/p>\n","protected":false},"excerpt":{"rendered":"<p>Associazione genitori delle scuole Piki Jakob e Josip Ribi\u010di\u010d &#8211; APS &nbsp; L&#8217;associazione dei genitori \u00e8 un&#8217;organizzazione senza scopo di lucro che riunisce i genitori degli alunni\/studenti della stessa scuola con l&#8217;obiettivo di migliorare l&#8217;ambiente educativo, [&hellip;]<\/p>\n","protected":false},"author":3,"featured_media":3766,"parent":0,"menu_order":0,"comment_status":"closed","ping_status":"closed","template":"","meta":{"footnotes":""},"tags":[],"class_list":["post-3767","page","type-page","status-publish","has-post-thumbnail","hentry"],"_links":{"self":[{"href":"https:\/\/www.dijak.edu.it\/it\/wp-json\/wp\/v2\/pages\/3767","targetHints":{"allow":["GET"]}}],"collection":[{"href":"https:\/\/www.dijak.edu.it\/it\/wp-json\/wp\/v2\/pages"}],"about":[{"href":"https:\/\/www.dijak.edu.it\/it\/wp-json\/wp\/v2\/types\/page"}],"author":[{"embeddable":true,"href":"https:\/\/www.dijak.edu.it\/it\/wp-json\/wp\/v2\/users\/3"}],"replies":[{"embeddable":true,"href":"https:\/\/www.dijak.edu.it\/it\/wp-json\/wp\/v2\/comments?post=3767"}],"version-history":[{"count":3,"href":"https:\/\/www.dijak.edu.it\/it\/wp-json\/wp\/v2\/pages\/3767\/revisions"}],"predecessor-version":[{"id":4074,"href":"https:\/\/www.dijak.edu.it\/it\/wp-json\/wp\/v2\/pages\/3767\/revisions\/4074"}],"wp:featuredmedia":[{"embeddable":true,"href":"https:\/\/www.dijak.edu.it\/it\/wp-json\/wp\/v2\/media\/3766"}],"wp:attachment":[{"href":"https:\/\/www.dijak.edu.it\/it\/wp-json\/wp\/v2\/media?parent=3767"}],"wp:term":[{"taxonomy":"post_tag","embeddable":true,"href":"https:\/\/www.dijak.edu.it\/it\/wp-json\/wp\/v2\/tags?post=3767"}],"curies":[{"name":"wp","href":"https:\/\/api.w.org\/{rel}","templated":true}]}}